{"id":114,"date":"2025-02-23T14:16:01","date_gmt":"2025-02-23T14:16:01","guid":{"rendered":"https:\/\/pinusspa.com\/?page_id=114"},"modified":"2026-04-15T18:39:06","modified_gmt":"2026-04-15T18:39:06","slug":"uslovia-za-polzvane","status":"publish","type":"page","link":"https:\/\/pinusspa.com\/de\/uslovia-za-polzvane\/","title":{"rendered":"Nutzungsbedingungen"},"content":{"rendered":"<div data-elementor-type=\"wp-page\" data-elementor-id=\"114\" class=\"elementor elementor-114\" data-elementor-post-type=\"page\">\n\t\t\t\t\t\t<section class=\"elementor-section elementor-top-section elementor-element elementor-element-d6bbf12 elementor-section-boxed elementor-section-height-default elementor-section-height-default\" data-id=\"d6bbf12\" data-element_type=\"section\" data-settings=\"{&quot;background_background&quot;:&quot;classic&quot;}\">\n\t\t\t\t\t\t\t<div class=\"elementor-background-overlay\"><\/div>\n\t\t\t\t\t\t\t<div class=\"elementor-container elementor-column-gap-default\">\n\t\t\t\t\t<div class=\"elementor-column elementor-col-100 elementor-top-column elementor-element elementor-element-9ec2d30\" data-id=\"9ec2d30\" data-element_type=\"column\">\n\t\t\t<div class=\"elementor-widget-wrap elementor-element-populated\">\n\t\t\t\t\t\t<div class=\"elementor-element elementor-element-358d34f elementor-widget elementor-widget-heading\" data-id=\"358d34f\" data-element_type=\"widget\" data-widget_type=\"heading.default\">\n\t\t\t\t<div class=\"elementor-widget-container\">\n\t\t\t\t\t<h1 class=\"elementor-heading-title elementor-size-default\">Nutzungsbedingungen\n<\/h1>\t\t\t\t<\/div>\n\t\t\t\t<\/div>\n\t\t\t\t\t<\/div>\n\t\t<\/div>\n\t\t\t\t\t<\/div>\n\t\t<\/section>\n\t\t<div class=\"elementor-element elementor-element-357bd35f e-flex e-con-boxed e-con e-parent\" data-id=\"357bd35f\" data-element_type=\"container\">\n\t\t\t\t\t<div class=\"e-con-inner\">\n\t\t\t\t<div class=\"elementor-element elementor-element-23bf0869 elementor-widget elementor-widget-text-editor\" data-id=\"23bf0869\" data-element_type=\"widget\" data-widget_type=\"text-editor.default\">\n\t\t\t\t<div class=\"elementor-widget-container\">\n\t\t\t\t\t\t\t\t\t<p class=\"\" data-start=\"222\" data-end=\"422\">Diese Allgemeinen Gesch\u00e4ftsbedingungen regeln die Beziehung zwischen Ihnen als Nutzer und PinusSpa.com, wenn Sie die Website nutzen und Eink\u00e4ufe t\u00e4tigen. Wenn Sie in unserem Online-Shop bestellen, erkl\u00e4ren Sie sich mit diesen Bedingungen einverstanden.<\/p>\n<h3 class=\"\" data-start=\"424\" data-end=\"444\">R\u00fcckgabe und Umtausch<\/h3>\n<p class=\"translation-block\" data-start=\"446\" data-end=\"571\">Sie k\u00f6nnen gekaufte Produkte innerhalb von <strong>14 Tagen<\/strong> nach Erhalt der Ware ohne Angabe von Gr\u00fcnden zur\u00fcckgeben. Um dies zu tun, m\u00fcssen Sie:<\/p>\n<ul data-start=\"573\" data-end=\"770\">\n<li class=\"\" data-start=\"573\" data-end=\"637\">\n<p class=\"\" data-start=\"575\" data-end=\"637\">Das Produkt muss unbenutzt und in der Originalverpackung sein;<\/p>\n<\/li>\n<li class=\"\" data-start=\"638\" data-end=\"684\">\n<p class=\"\" data-start=\"640\" data-end=\"684\">Es muss eine Quittung oder Rechnung beigef\u00fcgt werden;<\/p>\n<\/li>\n<li class=\"\" data-start=\"685\" data-end=\"770\">\n<p class=\"\" data-start=\"687\" data-end=\"770\">\u0429\u0435 \u0432\u0438 \u043f\u0440\u0435\u0434\u043e\u0441\u0442\u0430\u0432\u0438\u043c \u0430\u0434\u0440\u0435\u0441 \u0437\u0430 \u0432\u0440\u044a\u0449\u0430\u043d\u0435 \u043f\u0440\u0438 \u043f\u043e\u043b\u0443\u0447\u0430\u0432\u0430\u043d\u0435 \u043d\u0430 \u0437\u0430\u044f\u0432\u043a\u0430\u0442\u0430 \u0432\u0438 \u0437\u0430 \u0432\u0440\u044a\u0449\u0430\u043d\u0435.<\/p>\n<\/li>\n<\/ul>\n<p class=\"\" data-start=\"772\" data-end=\"896\">Bitte beachten Sie, dass die Kosten f\u00fcr die R\u00fccksendung zu Ihren Lasten gehen, es sei denn, es handelt sich um ein defektes oder falsch geliefertes Produkt.<\/p>\n<h3 class=\"\" data-start=\"898\" data-end=\"934\">Ausnahmen vom Recht auf R\u00fcckkehr<\/h3>\n<p class=\"\" data-start=\"936\" data-end=\"985\">Die folgenden Waren werden nicht zur\u00fcckgenommen oder umgetauscht:<\/p>\n<ul data-start=\"987\" data-end=\"1100\">\n<li class=\"\" data-start=\"987\" data-end=\"1018\">\n<p class=\"\" data-start=\"989\" data-end=\"1018\">Offene kosmetische Mittel;<\/p>\n<\/li>\n<li class=\"\" data-start=\"1019\" data-end=\"1052\">\n<p class=\"\" data-start=\"1021\" data-end=\"1052\">Produkte mit Gebrauchsspuren;<\/p>\n<\/li>\n<li class=\"\" data-start=\"1053\" data-end=\"1100\">\n<p class=\"\" data-start=\"1055\" data-end=\"1100\">Ma\u00dfgeschneiderte Produkte.<\/p>\n<\/li>\n<\/ul>\n<h3 class=\"\" data-start=\"1102\" data-end=\"1116\">Beanstandungen<\/h3>\n<p class=\"translation-block\" data-start=\"1118\" data-end=\"1358\">Wenn Sie ein Produkt mit einem Herstellungsfehler oder einem Transportschaden erhalten, kontaktieren Sie uns bitte innerhalb von <strong>3 Tagen<\/strong> nach Erhalt. Wir werden je nach Fall einen Ersatz, eine Reparatur oder eine R\u00fcckerstattung anbieten.<\/p>\n<h3 class=\"\" data-start=\"1360\" data-end=\"1372\">Lieferung<\/h3>\n<ul data-start=\"1374\" data-end=\"1467\">\n<li class=\"\" data-start=\"1374\" data-end=\"1424\">\n<p class=\"\" data-start=\"1376\" data-end=\"1424\">\u0411\u0435\u0437\u043f\u043b\u0430\u0442\u043d\u0430 \u0434\u043e\u0441\u0442\u0430\u0432\u043a\u0430 \u043f\u0440\u0438 \u043f\u043e\u0440\u044a\u0447\u043a\u0438 \u043d\u0430\u0434 <strong data-start=\"1411\" data-end=\"1422\">100\u20ac.<\/strong><\/p>\n<\/li>\n<li class=\"\" data-start=\"1425\" data-end=\"1467\">\n<p class=\"\" data-start=\"1427\" data-end=\"1467\">\u0421\u0440\u043e\u043a \u0437\u0430 \u0434\u043e\u0441\u0442\u0430\u0432\u043a\u0430: \u0434\u043e 14 \u0434\u043d\u0438.<\/p>\n<\/li>\n<\/ul>\n<h3 class=\"\" data-start=\"1469\" data-end=\"1490\">Kontakt<\/h3>\n<p class=\"\" data-start=\"1492\" data-end=\"1604\">Bei Fragen, Beschwerden oder Anfragen zu Bestellungen und Produkten k\u00f6nnen Sie sich gerne an uns wenden:<\/p>\n<p class=\"\" data-start=\"1606\" data-end=\"1728\">\ud83d\udcde <strong>+359 87 733 1034<\/strong><br data-start=\"1681\" data-end=\"1684\">\ud83c\udfe2 <strong data-start=\"1687\" data-end=\"1732\">\u0433\u0440. \u0421\u043e\u0444\u0438\u044f, \u0423\u043b. \u041d\u0438\u043a\u043e\u043b\u0430\u0439 \u0425\u0430\u0439\u0442\u043e\u0432 12, \u043e\u0444\u0438\u0441 10<\/strong><br data-start=\"1693\" data-end=\"1696\">\ud83d\udce7 \u0418\u043c\u0435\u0439\u043b: <strong data-start=\"1706\" data-end=\"1728\"><a class=\"cursor-pointer\" rel=\"noopener\" data-start=\"1708\" data-end=\"1726\">sales@pinusspa.com<\/a><\/strong><\/p>\t\t\t\t\t\t\t\t<\/div>\n\t\t\t\t<\/div>\n\t\t\t\t\t<\/div>\n\t\t\t\t<\/div>\n\t\t\t\t<\/div>","protected":false},"excerpt":{"rendered":"<p>\u0423\u0441\u043b\u043e\u0432\u0438\u044f \u0437\u0430 \u043f\u043e\u043b\u0437\u0432\u0430\u043d\u0435 \u041d\u0430\u0441\u0442\u043e\u044f\u0449\u0438\u0442\u0435 \u0443\u0441\u043b\u043e\u0432\u0438\u044f \u0443\u0440\u0435\u0436\u0434\u0430\u0442 \u043e\u0442\u043d\u043e\u0448\u0435\u043d\u0438\u044f\u0442\u0430 \u043c\u0435\u0436\u0434\u0443 \u0432\u0430\u0441 \u043a\u0430\u0442\u043e \u043f\u043e\u0442\u0440\u0435\u0431\u0438\u0442\u0435\u043b \u0438 PinusSpa.com \u043f\u0440\u0438 \u0438\u0437\u043f\u043e\u043b\u0437\u0432\u0430\u043d\u0435 \u043d\u0430 \u0441\u0430\u0439\u0442\u0430 \u0438 \u0438\u0437\u0432\u044a\u0440\u0448\u0432\u0430\u043d\u0435 \u043d\u0430 \u043f\u043e\u043a\u0443\u043f\u043a\u0438. \u041f\u0440\u0438 \u043f\u043e\u0440\u044a\u0447\u043a\u0430 \u043e\u0442 \u043d\u0430\u0448\u0438\u044f \u043e\u043d\u043b\u0430\u0439\u043d \u043c\u0430\u0433\u0430\u0437\u0438\u043d, \u0432\u0438\u0435 \u0441\u0435 \u0441\u044a\u0433\u043b\u0430\u0441\u044f\u0432\u0430\u0442\u0435 \u0441 \u0442\u0435\u0437\u0438 \u0443\u0441\u043b\u043e\u0432\u0438\u044f. \u0412\u0440\u044a\u0449\u0430\u043d\u0435 \u0438 \u0437\u0430\u043c\u044f\u043d\u0430 \u041c\u043e\u0436\u0435\u0442\u0435 \u0434\u0430 \u0432\u044a\u0440\u043d\u0435\u0442\u0435 \u0437\u0430\u043a\u0443\u043f\u0435\u043d\u0438 \u043f\u0440\u043e\u0434\u0443\u043a\u0442\u0438 \u0432 \u0441\u0440\u043e\u043a \u0434\u043e 14 \u0434\u043d\u0438 \u043e\u0442 \u043f\u043e\u043b\u0443\u0447\u0430\u0432\u0430\u043d\u0435\u0442\u043e \u0438\u043c, \u0431\u0435\u0437 \u0434\u0430 \u043f\u043e\u0441\u043e\u0447\u0432\u0430\u0442\u0435 \u043f\u0440\u0438\u0447\u0438\u043d\u0430. \u0417\u0430 \u0446\u0435\u043b\u0442\u0430 [&hellip;]<\/p>","protected":false},"author":1,"featured_media":0,"parent":0,"menu_order":0,"comment_status":"closed","ping_status":"closed","template":"","meta":{"footnotes":""},"class_list":["post-114","page","type-page","status-publish","hentry"],"aioseo_notices":[],"_links":{"self":[{"href":"https:\/\/pinusspa.com\/de\/wp-json\/wp\/v2\/pages\/114","targetHints":{"allow":["GET"]}}],"collection":[{"href":"https:\/\/pinusspa.com\/de\/wp-json\/wp\/v2\/pages"}],"about":[{"href":"https:\/\/pinusspa.com\/de\/wp-json\/wp\/v2\/types\/page"}],"author":[{"embeddable":true,"href":"https:\/\/pinusspa.com\/de\/wp-json\/wp\/v2\/users\/1"}],"replies":[{"embeddable":true,"href":"https:\/\/pinusspa.com\/de\/wp-json\/wp\/v2\/comments?post=114"}],"version-history":[{"count":15,"href":"https:\/\/pinusspa.com\/de\/wp-json\/wp\/v2\/pages\/114\/revisions"}],"predecessor-version":[{"id":1860,"href":"https:\/\/pinusspa.com\/de\/wp-json\/wp\/v2\/pages\/114\/revisions\/1860"}],"wp:attachment":[{"href":"https:\/\/pinusspa.com\/de\/wp-json\/wp\/v2\/media?parent=114"}],"curies":[{"name":"wp","href":"https:\/\/api.w.org\/{rel}","templated":true}]}}