{"id":3,"date":"2025-02-23T14:16:01","date_gmt":"2025-02-23T14:16:01","guid":{"rendered":"https:\/\/pinusspa.com\/?page_id=3"},"modified":"2025-07-21T14:42:11","modified_gmt":"2025-07-21T14:42:11","slug":"politika-za-poveritelnost","status":"publish","type":"page","link":"https:\/\/pinusspa.com\/de\/politika-za-poveritelnost\/","title":{"rendered":"Datenschutzbestimmungen"},"content":{"rendered":"<div data-elementor-type=\"wp-page\" data-elementor-id=\"3\" class=\"elementor elementor-3\" data-elementor-post-type=\"page\">\n\t\t\t\t\t\t<section class=\"elementor-section elementor-top-section elementor-element elementor-element-cce5d2f elementor-section-boxed elementor-section-height-default elementor-section-height-default\" data-id=\"cce5d2f\" data-element_type=\"section\" data-settings=\"{&quot;background_background&quot;:&quot;classic&quot;}\">\n\t\t\t\t\t\t\t<div class=\"elementor-background-overlay\"><\/div>\n\t\t\t\t\t\t\t<div class=\"elementor-container elementor-column-gap-default\">\n\t\t\t\t\t<div class=\"elementor-column elementor-col-100 elementor-top-column elementor-element elementor-element-4f58bd5\" data-id=\"4f58bd5\" data-element_type=\"column\">\n\t\t\t<div class=\"elementor-widget-wrap elementor-element-populated\">\n\t\t\t\t\t\t<div class=\"elementor-element elementor-element-877fca0 elementor-widget elementor-widget-heading\" data-id=\"877fca0\" data-element_type=\"widget\" data-widget_type=\"heading.default\">\n\t\t\t\t<div class=\"elementor-widget-container\">\n\t\t\t\t\t<h1 class=\"elementor-heading-title elementor-size-default\">Datenschutzbestimmungen\n<\/h1>\t\t\t\t<\/div>\n\t\t\t\t<\/div>\n\t\t\t\t\t<\/div>\n\t\t<\/div>\n\t\t\t\t\t<\/div>\n\t\t<\/section>\n\t\t<div class=\"elementor-element elementor-element-5636c829 e-flex e-con-boxed e-con e-parent\" data-id=\"5636c829\" data-element_type=\"container\">\n\t\t\t\t\t<div class=\"e-con-inner\">\n\t\t\t\t<div class=\"elementor-element elementor-element-6bc5db71 elementor-widget elementor-widget-text-editor\" data-id=\"6bc5db71\" data-element_type=\"widget\" data-widget_type=\"text-editor.default\">\n\t\t\t\t<div class=\"elementor-widget-container\">\n\t\t\t\t\t\t\t\t\t\n<h3 class=\"wp-block-heading\" data-start=\"197\" data-end=\"277\"><strong data-start=\"197\" data-end=\"212\">Wer wir sind<br \/><\/strong><\/h3>\n<p>Unsere Website ist: <a class=\"\" href=\"https:\/\/pinusspa.com\/de\/\" target=\"_new\" rel=\"noopener\" data-start=\"233\" data-end=\"277\">https:\/\/pinusspa.com<\/a><\/p>\n<hr class=\"\" data-start=\"279\" data-end=\"282\" \/>\n<h3 class=\"\" data-start=\"284\" data-end=\"302\">\ud83d\udcac Kommentare<\/h3>\n<p class=\"\" data-start=\"303\" data-end=\"506\">Wenn Besucher Kommentare auf der Website hinterlassen, erfassen wir die im Kommentarformular angezeigten Daten sowie die IP-Adresse und die Browserinformationen des Benutzers, um Spam-Missbrauch zu verhindern.<\/p>\n<hr class=\"\" data-start=\"508\" data-end=\"511\" \/>\n<h3 class=\"\" data-start=\"513\" data-end=\"527\">\ud83d\uddbc Medien<\/h3>\n<p class=\"\" data-start=\"528\" data-end=\"696\">Wenn Sie Bilder auf die Website hochladen, vermeiden Sie Dateien mit eingebetteten Koordinaten (EXIF-GPS). Besucher der Website k\u00f6nnen solche Daten aus den Bildern herunterladen und extrahieren.<\/p>\n<hr class=\"\" data-start=\"698\" data-end=\"701\" \/>\n<h3 class=\"\" data-start=\"703\" data-end=\"721\">\ud83c\udf6a Cookies<\/h3>\n<p class=\"\" data-start=\"722\" data-end=\"953\">Wenn Sie einen Kommentar hinterlassen, k\u00f6nnen Sie zulassen, dass Ihr Name, Ihre E-Mail-Adresse und Ihre Website in Cookies gespeichert werden. Dies dient Ihrer Bequemlichkeit, damit Sie bei sp\u00e4teren Kommentaren nicht noch einmal die gleichen Angaben machen m\u00fcssen. Diese Cookies werden f\u00fcr 1 Jahr gespeichert.<\/p>\n<p class=\"\" data-start=\"955\" data-end=\"1189\">Wenn Sie ein Konto haben und sich auf der Website anmelden, legen wir ein tempor\u00e4res Cookie an, um zu pr\u00fcfen, ob Ihr Browser Cookies akzeptiert. Wenn Sie sich anmelden, werden einige weitere Cookies erstellt, um Anmeldeinformationen und Einstellungen f\u00fcr die Website zu speichern.<\/p>\n<hr class=\"\" data-start=\"1191\" data-end=\"1194\" \/>\n<h3 class=\"\" data-start=\"1196\" data-end=\"1241\">\ud83c\udf10 Eingebettete Inhalte von anderen Websites<\/h3>\n<p class=\"\" data-start=\"1242\" data-end=\"1432\">Die Artikel auf dieser Website k\u00f6nnen eingebettete Inhalte (Videos, Bilder, Links usw.) enthalten. Sie verhalten sich genauso, als ob der Nutzer sie direkt auf der urspr\u00fcnglichen Website besuchen w\u00fcrde.<\/p>\n<p class=\"\" data-start=\"1434\" data-end=\"1585\">Solche Websites k\u00f6nnen Informationen sammeln, Cookies verwenden und Ihre Interaktionen verfolgen, insbesondere wenn Sie mit einem Konto auf diesen Websites angemeldet sind.<\/p>\n<hr class=\"\" data-start=\"1587\" data-end=\"1590\" \/>\n<h3 class=\"\" data-start=\"1592\" data-end=\"1630\">\ud83d\udce4 Mit wem wir Ihre Daten teilen<\/h3>\n<p class=\"\" data-start=\"1631\" data-end=\"1720\">Wenn Sie ein neues Passwort anfordern, wird Ihre IP-Adresse in der Best\u00e4tigungs-E-Mail angegeben.<\/p>\n<hr class=\"\" data-start=\"1722\" data-end=\"1725\" \/>\n<h3 class=\"\" data-start=\"1727\" data-end=\"1766\">\ud83d\uddd3 Wie lange wir Ihre Daten aufbewahren<\/h3>\n<p class=\"\" data-start=\"1767\" data-end=\"1995\">Ihre Kommentare und Metadaten werden auf unbestimmte Zeit gespeichert. Wenn Sie sich registrieren, speichern wir auch Ihre pers\u00f6nlichen Daten in Ihrem Profil, das Sie jederzeit einsehen, bearbeiten oder l\u00f6schen k\u00f6nnen (au\u00dfer Ihrem Benutzernamen).<\/p>\n<hr class=\"\" data-start=\"1997\" data-end=\"2000\" \/>\n<h3 class=\"\" data-start=\"2002\" data-end=\"2048\">\ud83d\udc41\u200d\ud83d\udde8 Welche Rechte haben Sie an Ihren Daten?<\/h3>\n<p class=\"\" data-start=\"2049\" data-end=\"2291\">Wenn Sie ein Konto haben oder Kommentare hinterlassen haben, k\u00f6nnen Sie eine Datei mit allen personenbezogenen Daten, die wir \u00fcber Sie gespeichert haben, sowie die L\u00f6schung dieser Daten anfordern. Dies gilt nicht f\u00fcr Daten, die wir aus verwaltungstechnischen, rechtlichen oder Sicherheitsgr\u00fcnden aufbewahren m\u00fcssen.<\/p>\n<hr class=\"\" data-start=\"2293\" data-end=\"2296\" \/>\n<h3 class=\"\" data-start=\"2298\" data-end=\"2332\">\ud83d\udccd Wohin wir Ihre Daten senden<\/h3>\n<p class=\"\" data-start=\"2333\" data-end=\"2414\">Besucherkommentare k\u00f6nnen durch einen automatischen Anti-Spam-Dienst \u00fcberpr\u00fcft werden.<\/p>\n<hr class=\"\" data-start=\"2416\" data-end=\"2419\" \/>\n<h3 class=\"\" data-start=\"2421\" data-end=\"2438\">\ud83d\udce9 Fragen?<\/h3>\n<p class=\"\" data-start=\"2439\" data-end=\"2599\">Wenn Sie Fragen zum Datenschutz haben, wenden Sie sich bitte an uns:<br data-start=\"2503\" data-end=\"2506\" \/><strong data-start=\"2506\" data-end=\"2528\"><a class=\"cursor-pointer\" rel=\"noopener\" data-start=\"2508\" data-end=\"2526\">sales@pinusspa.com<\/a><\/strong><br data-start=\"2528\" data-end=\"2531\" \/><strong>+359 87 733 1034<\/strong><br data-start=\"1681\" data-end=\"1684\" \/><strong data-start=\"1687\" data-end=\"1732\">\u0433\u0440. \u0421\u043e\u0444\u0438\u044f, \u0423\u043b. \u041d\u0438\u043a\u043e\u043b\u0430\u0439 \u0425\u0430\u0439\u0442\u043e\u0432 12, \u043e\u0444\u0438\u0441 10<\/strong><\/p>\t\t\t\t\t\t\t\t<\/div>\n\t\t\t\t<\/div>\n\t\t\t\t\t<\/div>\n\t\t\t\t<\/div>\n\t\t\t\t<\/div>","protected":false},"excerpt":{"rendered":"<p>\u041f\u043e\u043b\u0438\u0442\u0438\u043a\u0430 \u0437\u0430 \u043f\u043e\u0432\u0435\u0440\u0438\u0442\u0435\u043b\u043d\u043e\u0441\u0442 \u041a\u043e\u0439 \u0441\u043c\u0435 \u043d\u0438\u0435 \u041d\u0430\u0448\u0438\u044f\u0442 \u0443\u0435\u0431\u0441\u0430\u0439\u0442 \u0435: https:\/\/pinusspa.com \ud83d\udcac \u041a\u043e\u043c\u0435\u043d\u0442\u0430\u0440\u0438 \u041a\u043e\u0433\u0430\u0442\u043e \u043f\u043e\u0441\u0435\u0442\u0438\u0442\u0435\u043b\u0438\u0442\u0435 \u043e\u0441\u0442\u0430\u0432\u044f\u0442 \u043a\u043e\u043c\u0435\u043d\u0442\u0430\u0440\u0438 \u0432 \u0441\u0430\u0439\u0442\u0430, \u043d\u0438\u0435 \u0441\u044a\u0431\u0438\u0440\u0430\u043c\u0435 \u0434\u0430\u043d\u043d\u0438\u0442\u0435, \u043f\u043e\u043a\u0430\u0437\u0430\u043d\u0438 \u0432\u044a\u0432 \u0444\u043e\u0440\u043c\u0430\u0442\u0430 \u0437\u0430 \u043a\u043e\u043c\u0435\u043d\u0442\u0430\u0440\u0438, \u043a\u0430\u043a\u0442\u043e \u0438 IP \u0430\u0434\u0440\u0435\u0441\u0430 \u043d\u0430 \u043f\u043e\u0442\u0440\u0435\u0431\u0438\u0442\u0435\u043b\u044f \u0438 \u0438\u043d\u0444\u043e\u0440\u043c\u0430\u0446\u0438\u044f \u0437\u0430 \u0431\u0440\u0430\u0443\u0437\u044a\u0440\u0430, \u0437\u0430 \u0434\u0430 \u043f\u0440\u0435\u0434\u043e\u0442\u0432\u0440\u0430\u0442\u0438\u043c \u0437\u043b\u043e\u0443\u043f\u043e\u0442\u0440\u0435\u0431\u0438 \u0441\u044a\u0441 \u0441\u043f\u0430\u043c. \ud83d\uddbc \u041c\u0435\u0434\u0438\u044f \u0410\u043a\u043e \u043a\u0430\u0447\u0432\u0430\u0442\u0435 \u0438\u0437\u043e\u0431\u0440\u0430\u0436\u0435\u043d\u0438\u044f \u043d\u0430 \u0441\u0430\u0439\u0442\u0430, \u0438\u0437\u0431\u044f\u0433\u0432\u0430\u0439\u0442\u0435 \u0444\u0430\u0439\u043b\u043e\u0432\u0435 \u0441 \u0432\u0433\u0440\u0430\u0434\u0435\u043d\u0438 \u043a\u043e\u043e\u0440\u0434\u0438\u043d\u0430\u0442\u0438 (EXIF [&hellip;]<\/p>","protected":false},"author":1,"featured_media":0,"parent":0,"menu_order":0,"comment_status":"closed","ping_status":"closed","template":"","meta":{"footnotes":""},"class_list":["post-3","page","type-page","status-publish","hentry"],"aioseo_notices":[],"_links":{"self":[{"href":"https:\/\/pinusspa.com\/de\/wp-json\/wp\/v2\/pages\/3","targetHints":{"allow":["GET"]}}],"collection":[{"href":"https:\/\/pinusspa.com\/de\/wp-json\/wp\/v2\/pages"}],"about":[{"href":"https:\/\/pinusspa.com\/de\/wp-json\/wp\/v2\/types\/page"}],"author":[{"embeddable":true,"href":"https:\/\/pinusspa.com\/de\/wp-json\/wp\/v2\/users\/1"}],"replies":[{"embeddable":true,"href":"https:\/\/pinusspa.com\/de\/wp-json\/wp\/v2\/comments?post=3"}],"version-history":[{"count":6,"href":"https:\/\/pinusspa.com\/de\/wp-json\/wp\/v2\/pages\/3\/revisions"}],"predecessor-version":[{"id":1499,"href":"https:\/\/pinusspa.com\/de\/wp-json\/wp\/v2\/pages\/3\/revisions\/1499"}],"wp:attachment":[{"href":"https:\/\/pinusspa.com\/de\/wp-json\/wp\/v2\/media?parent=3"}],"curies":[{"name":"wp","href":"https:\/\/api.w.org\/{rel}","templated":true}]}}