{"id":484,"date":"2025-03-04T21:35:55","date_gmt":"2025-03-04T21:35:55","guid":{"rendered":"https:\/\/pinusspa.com\/?page_id=484"},"modified":"2025-08-13T12:36:51","modified_gmt":"2025-08-13T12:36:51","slug":"blog","status":"publish","type":"page","link":"https:\/\/pinusspa.com\/de\/blog\/","title":{"rendered":"Blog"},"content":{"rendered":"<div data-elementor-type=\"wp-page\" data-elementor-id=\"484\" class=\"elementor elementor-484\" data-elementor-post-type=\"page\">\n\t\t\t\t\t\t<section class=\"elementor-section elementor-top-section elementor-element elementor-element-7ff88ab0 elementor-section-boxed elementor-section-height-default elementor-section-height-default\" data-id=\"7ff88ab0\" data-element_type=\"section\" data-settings=\"{&quot;background_background&quot;:&quot;classic&quot;}\">\n\t\t\t\t\t\t\t<div class=\"elementor-background-overlay\"><\/div>\n\t\t\t\t\t\t\t<div class=\"elementor-container elementor-column-gap-default\">\n\t\t\t\t\t<div class=\"elementor-column elementor-col-100 elementor-top-column elementor-element elementor-element-1051cd08\" data-id=\"1051cd08\" data-element_type=\"column\" data-settings=\"{&quot;background_background&quot;:&quot;classic&quot;}\">\n\t\t\t<div class=\"elementor-widget-wrap elementor-element-populated\">\n\t\t\t\t\t\t<div class=\"elementor-element elementor-element-1d774d4d elementor-widget elementor-widget-heading\" data-id=\"1d774d4d\" data-element_type=\"widget\" data-widget_type=\"heading.default\">\n\t\t\t\t<div class=\"elementor-widget-container\">\n\t\t\t\t\t<h1 class=\"elementor-heading-title elementor-size-default\">Blog<\/h1>\t\t\t\t<\/div>\n\t\t\t\t<\/div>\n\t\t\t\t<div class=\"elementor-element elementor-element-2f870330 elementor-widget elementor-widget-heading\" data-id=\"2f870330\" data-element_type=\"widget\" data-widget_type=\"heading.default\">\n\t\t\t\t<div class=\"elementor-widget-container\">\n\t\t\t\t\t<h3 class=\"elementor-heading-title elementor-size-default\">Tipps und Neuigkeiten<\/h3>\t\t\t\t<\/div>\n\t\t\t\t<\/div>\n\t\t\t\t\t<\/div>\n\t\t<\/div>\n\t\t\t\t\t<\/div>\n\t\t<\/section>\n\t\t\t\t<section class=\"elementor-section elementor-top-section elementor-element elementor-element-452759bd elementor-section-boxed elementor-section-height-default elementor-section-height-default\" data-id=\"452759bd\" data-element_type=\"section\">\n\t\t\t\t\t\t<div class=\"elementor-container elementor-column-gap-default\">\n\t\t\t\t\t<div class=\"elementor-column elementor-col-100 elementor-top-column elementor-element elementor-element-42052b96 animated-slow elementor-invisible\" data-id=\"42052b96\" data-element_type=\"column\" data-settings=\"{&quot;animation&quot;:&quot;fadeIn&quot;}\">\n\t\t\t<div class=\"elementor-widget-wrap elementor-element-populated\">\n\t\t\t\t\t\t<div class=\"elementor-element elementor-element-12d5640 elementor-grid-3 elementor-grid-tablet-2 elementor-grid-mobile-1 elementor-posts--thumbnail-top elementor-card-shadow-yes elementor-posts__hover-gradient elementor-widget elementor-widget-posts\" data-id=\"12d5640\" data-element_type=\"widget\" data-settings=\"{&quot;cards_masonry&quot;:&quot;yes&quot;,&quot;pagination_type&quot;:&quot;numbers_and_prev_next&quot;,&quot;cards_columns&quot;:&quot;3&quot;,&quot;cards_columns_tablet&quot;:&quot;2&quot;,&quot;cards_columns_mobile&quot;:&quot;1&quot;,&quot;cards_row_gap&quot;:{&quot;unit&quot;:&quot;px&quot;,&quot;size&quot;:35,&quot;sizes&quot;:[]},&quot;cards_row_gap_tablet&quot;:{&quot;unit&quot;:&quot;px&quot;,&quot;size&quot;:&quot;&quot;,&quot;sizes&quot;:[]},&quot;cards_row_gap_mobile&quot;:{&quot;unit&quot;:&quot;px&quot;,&quot;size&quot;:&quot;&quot;,&quot;sizes&quot;:[]}}\" data-widget_type=\"posts.cards\">\n\t\t\t\t<div class=\"elementor-widget-container\">\n\t\t\t\t\t\t\t<div class=\"elementor-posts-container elementor-posts elementor-posts--skin-cards elementor-grid\" role=\"list\">\n\t\t\t\t<article class=\"elementor-post elementor-grid-item post-1 post type-post status-publish format-standard has-post-thumbnail hentry category-54\" role=\"listitem\">\n\t\t\t<div class=\"elementor-post__card\">\n\t\t\t\t<a class=\"elementor-post__thumbnail__link\" href=\"https:\/\/pinusspa.com\/de\/kakvo-e-fitobachva\/\" tabindex=\"-1\" ><div class=\"elementor-post__thumbnail\"><img fetchpriority=\"high\" decoding=\"async\" width=\"768\" height=\"566\" src=\"https:\/\/pinusspa.com\/wp-content\/uploads\/2025\/02\/DSC01783-1536x1025-1-e1741050679224-768x566.jpg\" class=\"attachment-medium_large size-medium_large wp-image-427\" alt=\"\" srcset=\"https:\/\/pinusspa.com\/wp-content\/uploads\/2025\/02\/DSC01783-1536x1025-1-e1741050679224-768x566.jpg 768w, https:\/\/pinusspa.com\/wp-content\/uploads\/2025\/02\/DSC01783-1536x1025-1-e1741050679224-300x221.jpg 300w, https:\/\/pinusspa.com\/wp-content\/uploads\/2025\/02\/DSC01783-1536x1025-1-e1741050679224-1024x754.jpg 1024w, https:\/\/pinusspa.com\/wp-content\/uploads\/2025\/02\/DSC01783-1536x1025-1-e1741050679224-16x12.jpg 16w, https:\/\/pinusspa.com\/wp-content\/uploads\/2025\/02\/DSC01783-1536x1025-1-e1741050679224-600x442.jpg 600w, https:\/\/pinusspa.com\/wp-content\/uploads\/2025\/02\/DSC01783-1536x1025-1-e1741050679224.jpg 1390w\" sizes=\"(max-width: 768px) 100vw, 768px\" \/><\/div><\/a>\n\t\t\t\t<div class=\"elementor-post__badge\">Beratung<\/div>\n\t\t\t\t<div class=\"elementor-post__text\">\n\t\t\t\t<h3 class=\"elementor-post__title\">\n\t\t\t<a href=\"https:\/\/pinusspa.com\/de\/kakvo-e-fitobachva\/\" >\n\t\t\t\tWAS IST DAS PHYTOFASS?\t\t\t<\/a>\n\t\t<\/h3>\n\t\t\t\t<div class=\"elementor-post__excerpt\">\n\t\t\t<p>Was ist ein Phytobad? Ein Phytobad ist eine Art personalisierte Phytosauna, in der Regel f\u00fcr eine Person. Das Innere des Fasses ist mit einer Bank ausgestattet, auf der eine Person<\/p>\n\t\t<\/div>\n\t\t\n\t\t<a class=\"elementor-post__read-more\" href=\"https:\/\/pinusspa.com\/de\/kakvo-e-fitobachva\/\" aria-label=\"Mehr \u00fcber \u041a\u0410\u041a\u0412\u041e \u0415 \u0424\u0418\u0422\u041e\u0411\u042a\u0427\u0412\u0410?\" tabindex=\"-1\" >\n\t\t\tMehr lesen \u00bb\t\t<\/a>\n\n\t\t\t\t<\/div>\n\t\t\t\t<div class=\"elementor-post__meta-data\">\n\t\t\t\t\t<span class=\"elementor-post-date\">\n\t\t\tFebruar 20, 2025\t\t<\/span>\n\t\t\t\t<\/div>\n\t\t\t\t\t<\/div>\n\t\t<\/article>\n\t\t\t\t<\/div>\n\t\t\n\t\t\t\t\t\t<\/div>\n\t\t\t\t<\/div>\n\t\t\t\t\t<\/div>\n\t\t<\/div>\n\t\t\t\t\t<\/div>\n\t\t<\/section>\n\t\t\t\t<section class=\"elementor-section elementor-top-section elementor-element elementor-element-21140c5 elementor-section-boxed elementor-section-height-default elementor-section-height-default\" data-id=\"21140c5\" data-element_type=\"section\">\n\t\t\t\t\t\t<div class=\"elementor-container elementor-column-gap-default\">\n\t\t\t\t\t<div class=\"elementor-column elementor-col-100 elementor-top-column elementor-element elementor-element-708dcbb\" data-id=\"708dcbb\" data-element_type=\"column\" data-settings=\"{&quot;background_background&quot;:&quot;classic&quot;}\">\n\t\t\t<div class=\"elementor-widget-wrap elementor-element-populated\">\n\t\t\t\t\t<div class=\"elementor-background-overlay\"><\/div>\n\t\t\t\t\t\t<section class=\"elementor-section elementor-inner-section elementor-element elementor-element-7e07985 elementor-section-full_width elementor-section-height-default elementor-section-height-default\" data-id=\"7e07985\" data-element_type=\"section\">\n\t\t\t\t\t\t<div class=\"elementor-container elementor-column-gap-default\">\n\t\t\t\t\t<div class=\"elementor-column elementor-col-100 elementor-inner-column elementor-element elementor-element-528cbcb elementor-invisible\" data-id=\"528cbcb\" data-element_type=\"column\" data-settings=\"{&quot;animation&quot;:&quot;fadeInUp&quot;}\">\n\t\t\t<div class=\"elementor-widget-wrap elementor-element-populated\">\n\t\t\t\t\t\t<div class=\"elementor-element elementor-element-cd8197c elementor-widget elementor-widget-heading\" data-id=\"cd8197c\" data-element_type=\"widget\" data-widget_type=\"heading.default\">\n\t\t\t\t<div class=\"elementor-widget-container\">\n\t\t\t\t\t<h2 class=\"elementor-heading-title elementor-size-default\">Phytofass + Dampf &amp; Kr\u00e4uter<br>- Die ideale Spa-Kombination                 \n<\/h2>\t\t\t\t<\/div>\n\t\t\t\t<\/div>\n\t\t\t\t<div class=\"elementor-element elementor-element-c64228b elementor-widget elementor-widget-text-editor\" data-id=\"c64228b\" data-element_type=\"widget\" data-widget_type=\"text-editor.default\">\n\t\t\t\t<div class=\"elementor-widget-container\">\n\t\t\t\t\t\t\t\t\t<p>Genie\u00dfen Sie vollkommene Entspannung und Wellness mit der nat\u00fcrlichen Kraft von Kr\u00e4uterdampf.<\/p><p>Einfache Anwendung im Unternehmen und zu Hause.<\/p>\t\t\t\t\t\t\t\t<\/div>\n\t\t\t\t<\/div>\n\t\t\t\t<div class=\"elementor-element elementor-element-4ced7e8 elementor-align-center elementor-widget elementor-widget-button\" data-id=\"4ced7e8\" data-element_type=\"widget\" data-widget_type=\"button.default\">\n\t\t\t\t<div class=\"elementor-widget-container\">\n\t\t\t\t\t\t\t\t\t<div class=\"elementor-button-wrapper\">\n\t\t\t\t\t<a class=\"elementor-button elementor-button-link elementor-size-md\" href=\"https:\/\/pinusspa.com\/de\/magazin\/\">\n\t\t\t\t\t\t<span class=\"elementor-button-content-wrapper\">\n\t\t\t\t\t\t<span class=\"elementor-button-icon\">\n\t\t\t\t<svg aria-hidden=\"true\" class=\"e-font-icon-svg e-fas-shopping-bag\" viewbox=\"0 0 448 512\" xmlns=\"http:\/\/www.w3.org\/2000\/svg\"><path d=\"M352 160v-32C352 57.42 294.579 0 224 0 153.42 0 96 57.42 96 128v32H0v272c0 44.183 35.817 80 80 80h288c44.183 0 80-35.817 80-80V160h-96zm-192-32c0-35.29 28.71-64 64-64s64 28.71 64 64v32H160v-32zm160 120c-13.255 0-24-10.745-24-24s10.745-24 24-24 24 10.745 24 24-10.745 24-24 24zm-192 0c-13.255 0-24-10.745-24-24s10.745-24 24-24 24 10.745 24 24-10.745 24-24 24z\"><\/path><\/svg>\t\t\t<\/span>\n\t\t\t\t\t\t\t\t\t<span class=\"elementor-button-text\">Shop<\/span>\n\t\t\t\t\t<\/span>\n\t\t\t\t\t<\/a>\n\t\t\t\t<\/div>\n\t\t\t\t\t\t\t\t<\/div>\n\t\t\t\t<\/div>\n\t\t\t\t\t<\/div>\n\t\t<\/div>\n\t\t\t\t\t<\/div>\n\t\t<\/section>\n\t\t\t\t\t<\/div>\n\t\t<\/div>\n\t\t\t\t\t<\/div>\n\t\t<\/section>\n\t\t\t\t<\/div>","protected":false},"excerpt":{"rendered":"<p>\u0411\u043b\u043e\u0433 \u0421\u044a\u0432\u0435\u0442\u0438 \u0438 \u043d\u043e\u0432\u0438\u043d\u0438 \u0424\u0418\u0422\u041e\u0411\u042a\u0427\u0412\u0410 + Steam &amp; Herbs\u2013 \u0418\u0434\u0435\u0430\u043b\u043d\u0430\u0442\u0430 \u0421\u041f\u0410 \u041a\u043e\u043c\u0431\u0438\u043d\u0430\u0446\u0438\u044f \u041d\u0430\u0441\u043b\u0430\u0434\u0435\u0442\u0435 \u0441\u0435 \u043d\u0430 \u043f\u044a\u043b\u043d\u043e\u0446\u0435\u043d\u043d\u0430 \u0440\u0435\u043b\u0430\u043a\u0441\u0430\u0446\u0438\u044f \u0438 \u0443\u0435\u043b\u043d\u0435\u0441 \u0441 \u043d\u0430\u0442\u0443\u0440\u0430\u043b\u043d\u0430\u0442\u0430 \u0441\u0438\u043b\u0430 \u043d\u0430 \u0431\u0438\u043b\u043a\u043e\u0432\u0430\u0442\u0430 \u043f\u0430\u0440\u0430. \u041b\u0435\u0441\u043d\u043e \u043f\u0440\u0438\u043b\u043e\u0436\u0435\u043d\u0438\u0435 \u0432 \u0431\u0438\u0437\u043d\u0435\u0441\u0430 \u0438 \u0443 \u0434\u043e\u043c\u0430. \u041f\u0430\u0437\u0430\u0440\u0443\u0432\u0430\u0439<\/p>","protected":false},"author":1,"featured_media":0,"parent":0,"menu_order":0,"comment_status":"closed","ping_status":"closed","template":"","meta":{"footnotes":""},"class_list":["post-484","page","type-page","status-publish","hentry"],"aioseo_notices":[],"_links":{"self":[{"href":"https:\/\/pinusspa.com\/de\/wp-json\/wp\/v2\/pages\/484","targetHints":{"allow":["GET"]}}],"collection":[{"href":"https:\/\/pinusspa.com\/de\/wp-json\/wp\/v2\/pages"}],"about":[{"href":"https:\/\/pinusspa.com\/de\/wp-json\/wp\/v2\/types\/page"}],"author":[{"embeddable":true,"href":"https:\/\/pinusspa.com\/de\/wp-json\/wp\/v2\/users\/1"}],"replies":[{"embeddable":true,"href":"https:\/\/pinusspa.com\/de\/wp-json\/wp\/v2\/comments?post=484"}],"version-history":[{"count":6,"href":"https:\/\/pinusspa.com\/de\/wp-json\/wp\/v2\/pages\/484\/revisions"}],"predecessor-version":[{"id":1557,"href":"https:\/\/pinusspa.com\/de\/wp-json\/wp\/v2\/pages\/484\/revisions\/1557"}],"wp:attachment":[{"href":"https:\/\/pinusspa.com\/de\/wp-json\/wp\/v2\/media?parent=484"}],"curies":[{"name":"wp","href":"https:\/\/api.w.org\/{rel}","templated":true}]}}