{"id":577,"date":"2025-03-04T23:10:14","date_gmt":"2025-03-04T23:10:14","guid":{"rendered":"https:\/\/pinusspa.com\/?page_id=577"},"modified":"2025-07-21T14:41:56","modified_gmt":"2025-07-21T14:41:56","slug":"%d0%bf%d0%be%d0%bb%d0%b8%d1%82%d0%b8%d0%ba%d0%b0-%d0%b7%d0%b0-%d0%b1%d0%b8%d1%81%d0%ba%d0%b2%d0%b8%d1%82%d0%ba%d0%b8%d1%82%d0%b5","status":"publish","type":"page","link":"https:\/\/pinusspa.com\/de\/%d0%bf%d0%be%d0%bb%d0%b8%d1%82%d0%b8%d0%ba%d0%b0-%d0%b7%d0%b0-%d0%b1%d0%b8%d1%81%d0%ba%d0%b2%d0%b8%d1%82%d0%ba%d0%b8%d1%82%d0%b5\/","title":{"rendered":"Cookie-Richtlinie"},"content":{"rendered":"<div data-elementor-type=\"wp-page\" data-elementor-id=\"577\" class=\"elementor elementor-577\" data-elementor-post-type=\"page\">\n\t\t\t\t\t\t<section class=\"elementor-section elementor-top-section elementor-element elementor-element-304d49c elementor-section-boxed elementor-section-height-default elementor-section-height-default\" data-id=\"304d49c\" data-element_type=\"section\" data-settings=\"{&quot;background_background&quot;:&quot;classic&quot;}\">\n\t\t\t\t\t\t\t<div class=\"elementor-background-overlay\"><\/div>\n\t\t\t\t\t\t\t<div class=\"elementor-container elementor-column-gap-default\">\n\t\t\t\t\t<div class=\"elementor-column elementor-col-100 elementor-top-column elementor-element elementor-element-608c4be\" data-id=\"608c4be\" data-element_type=\"column\">\n\t\t\t<div class=\"elementor-widget-wrap elementor-element-populated\">\n\t\t\t\t\t\t<div class=\"elementor-element elementor-element-f455b74 elementor-widget elementor-widget-heading\" data-id=\"f455b74\" data-element_type=\"widget\" data-widget_type=\"heading.default\">\n\t\t\t\t<div class=\"elementor-widget-container\">\n\t\t\t\t\t<h1 class=\"elementor-heading-title elementor-size-default\">Cookie-Richtlinie\n<\/h1>\t\t\t\t<\/div>\n\t\t\t\t<\/div>\n\t\t\t\t\t<\/div>\n\t\t<\/div>\n\t\t\t\t\t<\/div>\n\t\t<\/section>\n\t\t<div class=\"elementor-element elementor-element-5b8229a e-flex e-con-boxed e-con e-parent\" data-id=\"5b8229a\" data-element_type=\"container\">\n\t\t\t\t\t<div class=\"e-con-inner\">\n\t\t\t\t<div class=\"elementor-element elementor-element-30438e2 elementor-widget elementor-widget-text-editor\" data-id=\"30438e2\" data-element_type=\"widget\" data-widget_type=\"text-editor.default\">\n\t\t\t\t<div class=\"elementor-widget-container\">\n\t\t\t\t\t\t\t\t\t\n<p class=\"\" data-start=\"236\" data-end=\"267\">Letzte Aktualisierung: Mai 2025<\/p>\n<h3 class=\"wp-block-heading\" data-start=\"269\" data-end=\"305\">Was sind Cookies?<\/h3>\n<p class=\"\" data-start=\"307\" data-end=\"517\">Cookies sind kleine Textdateien, die auf Ihrem Ger\u00e4t gespeichert werden, wenn Sie eine Website besuchen. Sie erm\u00f6glichen es der Website, Ihr Ger\u00e4t zu erkennen und die Funktionalit\u00e4t der Website zu verbessern.<\/p>\n<hr class=\"\" data-start=\"519\" data-end=\"522\" \/>\n<h3 class=\"\" data-start=\"524\" data-end=\"555\">Welche Cookies verwenden wir?<\/h3>\n<p class=\"translation-block\" data-start=\"557\" data-end=\"717\">Derzeit verwendet <strong data-start=\"\u201e567\u201c\" data-end=\"\u201e633\u201c\">pinusspa.com nur obligatorische (notwendige) Cookies<\/strong>, die f\u00fcr das reibungslose Funktionieren der Website unerl\u00e4sslich sind. Dazu geh\u00f6ren:<\/p>\n<ul data-start=\"719\" data-end=\"902\">\n<li class=\"\" data-start=\"719\" data-end=\"760\">\n<p class=\"\" data-start=\"721\" data-end=\"760\">Cookies zum Speichern der gew\u00e4hlten Sprache<\/p>\n<\/li>\n<li class=\"\" data-start=\"761\" data-end=\"828\">\n<p class=\"\" data-start=\"763\" data-end=\"828\">Sicherheits- und Sitzungscookies (Anmeldung, Warenkorb und Bestellungen)<\/p>\n<\/li>\n<li class=\"\" data-start=\"829\" data-end=\"902\">\n<p class=\"\" data-start=\"831\" data-end=\"902\">Cookies, die das korrekte Laden von Inhalt und Design gew\u00e4hrleisten<\/p>\n<\/li>\n<\/ul>\n<p class=\"\" data-start=\"904\" data-end=\"922\"><strong data-start=\"904\" data-end=\"921\">Wir verwenden keine<\/strong>:<\/p>\n<ul data-start=\"924\" data-end=\"1132\">\n<li class=\"\" data-start=\"924\" data-end=\"993\">\n<p class=\"\" data-start=\"926\" data-end=\"993\">Analyse- oder Statistik-Cookies (Google Analytics, Matomo, usw.)<\/p>\n<\/li>\n<li class=\"\" data-start=\"994\" data-end=\"1052\">\n<p class=\"\" data-start=\"996\" data-end=\"1052\">Werbe-Cookies (Facebook Pixel, TikTok Pixel, etc.)<\/p>\n<\/li>\n<li class=\"\" data-start=\"1053\" data-end=\"1132\">\n<p class=\"\" data-start=\"1055\" data-end=\"1132\">Werbe-Cookies (Facebook Pixel, TikTok Pixel, etc.) Cookies von Drittanbietern, die \u00fcber die technischen Anforderungen von WordPress und WooCommerce hinausgehen<\/p>\n<\/li>\n<\/ul>\n<hr class=\"\" data-start=\"1134\" data-end=\"1137\" \/>\n<h3 class=\"\" data-start=\"1139\" data-end=\"1181\">Wie k\u00f6nnen Sie Cookies verwalten?<\/h3>\n<p class=\"translation-block\" data-start=\"1183\" data-end=\"1363\">Da wir nur einfache Cookies verwenden, die keine personenbezogenen Daten erfassen und f\u00fcr das Funktionieren der Website erforderlich sind, ist <strong data-start=\"\u201e1304\u201c\" data-end=\"\u201e1362\u201c\">keine weitere Zustimmung der Nutzer erforderlich<\/strong>.<\/p>\n<p class=\"\" data-start=\"1365\" data-end=\"1528\">Wenn Sie es dennoch w\u00fcnschen, k\u00f6nnen Sie Cookies \u00fcber Ihre Browsereinstellungen einschr\u00e4nken oder l\u00f6schen. Beachten Sie, dass dies die Leistung der Website beeintr\u00e4chtigen kann.<\/p>\n<hr class=\"\" data-start=\"1530\" data-end=\"1533\" \/>\n<h3 class=\"\" data-start=\"1535\" data-end=\"1556\">Kontakt<\/h3>\n<p class=\"\" data-start=\"1558\" data-end=\"1628\">Wenn Sie Fragen zur Verwendung von Cookies oder zum Datenschutz haben:<\/p>\n<p class=\"\" data-start=\"1630\" data-end=\"1732\">\ud83d\udce7 <strong data-start=\"1633\" data-end=\"1655\"><a class=\"cursor-pointer\" rel=\"noopener\" data-start=\"1635\" data-end=\"1653\">sales@pinusspa.com<\/a><\/strong><br data-start=\"1655\" data-end=\"1658\" \/>\ud83d\udcde <strong>+359 87 733 1034<\/strong><br data-start=\"1681\" data-end=\"1684\" \/>\ud83c\udfe2 <strong data-start=\"1687\" data-end=\"1732\">\u0433\u0440. \u0421\u043e\u0444\u0438\u044f, \u0423\u043b. \u041d\u0438\u043a\u043e\u043b\u0430\u0439 \u0425\u0430\u0439\u0442\u043e\u0432 12, \u043e\u0444\u0438\u0441 10<\/strong><\/p>\t\t\t\t\t\t\t\t<\/div>\n\t\t\t\t<\/div>\n\t\t\t\t\t<\/div>\n\t\t\t\t<\/div>\n\t\t\t\t<\/div>","protected":false},"excerpt":{"rendered":"<p>\u041f\u043e\u043b\u0438\u0442\u0438\u043a\u0430 \u0437\u0430 \u0431\u0438\u0441\u043a\u0432\u0438\u0442\u043a\u0438\u0442\u0435 \u041f\u043e\u0441\u043b\u0435\u0434\u043d\u0430 \u0430\u043a\u0442\u0443\u0430\u043b\u0438\u0437\u0430\u0446\u0438\u044f: \u043c\u0430\u0439 2025 \u041a\u0430\u043a\u0432\u043e \u043f\u0440\u0435\u0434\u0441\u0442\u0430\u0432\u043b\u044f\u0432\u0430\u0442 \u0431\u0438\u0441\u043a\u0432\u0438\u0442\u043a\u0438\u0442\u0435? \u0411\u0438\u0441\u043a\u0432\u0438\u0442\u043a\u0438\u0442\u0435 \u0441\u0430 \u043c\u0430\u043b\u043a\u0438 \u0442\u0435\u043a\u0441\u0442\u043e\u0432\u0438 \u0444\u0430\u0439\u043b\u043e\u0432\u0435, \u043a\u043e\u0438\u0442\u043e \u0441\u0435 \u0441\u044a\u0445\u0440\u0430\u043d\u044f\u0432\u0430\u0442 \u043d\u0430 \u0432\u0430\u0448\u0435\u0442\u043e \u0443\u0441\u0442\u0440\u043e\u0439\u0441\u0442\u0432\u043e, \u043a\u043e\u0433\u0430\u0442\u043e \u043f\u043e\u0441\u0435\u0449\u0430\u0432\u0430\u0442\u0435 \u0434\u0430\u0434\u0435\u043d \u0443\u0435\u0431\u0441\u0430\u0439\u0442. \u0422\u0435 \u043f\u043e\u0437\u0432\u043e\u043b\u044f\u0432\u0430\u0442 \u043d\u0430 \u0441\u0430\u0439\u0442\u0430 \u0434\u0430 \u0440\u0430\u0437\u043f\u043e\u0437\u043d\u0430\u0432\u0430 \u0432\u0430\u0448\u0435\u0442\u043e \u0443\u0441\u0442\u0440\u043e\u0439\u0441\u0442\u0432\u043e \u0438 \u0434\u0430 \u043f\u043e\u0434\u043e\u0431\u0440\u044f\u0432\u0430 \u0444\u0443\u043d\u043a\u0446\u0438\u043e\u043d\u0430\u043b\u043d\u043e\u0441\u0442\u0442\u0430 \u043d\u0430 \u0441\u0430\u0439\u0442\u0430. \u041a\u0430\u043a\u0432\u0438 \u0431\u0438\u0441\u043a\u0432\u0438\u0442\u043a\u0438 \u0438\u0437\u043f\u043e\u043b\u0437\u0432\u0430\u043c\u0435? \u0412 \u043c\u043e\u043c\u0435\u043d\u0442\u0430 pinusspa.com \u0438\u0437\u043f\u043e\u043b\u0437\u0432\u0430 \u0441\u0430\u043c\u043e \u0437\u0430\u0434\u044a\u043b\u0436\u0438\u0442\u0435\u043b\u043d\u0438 (\u043d\u0435\u043e\u0431\u0445\u043e\u0434\u0438\u043c\u0438) \u0431\u0438\u0441\u043a\u0432\u0438\u0442\u043a\u0438, \u043a\u043e\u0438\u0442\u043e \u0441\u0430 \u043e\u0442 \u0441\u044a\u0449\u0435\u0441\u0442\u0432\u0435\u043d\u043e \u0437\u043d\u0430\u0447\u0435\u043d\u0438\u0435 [&hellip;]<\/p>","protected":false},"author":1,"featured_media":0,"parent":0,"menu_order":0,"comment_status":"closed","ping_status":"closed","template":"","meta":{"footnotes":""},"class_list":["post-577","page","type-page","status-publish","hentry"],"aioseo_notices":[],"_links":{"self":[{"href":"https:\/\/pinusspa.com\/de\/wp-json\/wp\/v2\/pages\/577","targetHints":{"allow":["GET"]}}],"collection":[{"href":"https:\/\/pinusspa.com\/de\/wp-json\/wp\/v2\/pages"}],"about":[{"href":"https:\/\/pinusspa.com\/de\/wp-json\/wp\/v2\/types\/page"}],"author":[{"embeddable":true,"href":"https:\/\/pinusspa.com\/de\/wp-json\/wp\/v2\/users\/1"}],"replies":[{"embeddable":true,"href":"https:\/\/pinusspa.com\/de\/wp-json\/wp\/v2\/comments?post=577"}],"version-history":[{"count":6,"href":"https:\/\/pinusspa.com\/de\/wp-json\/wp\/v2\/pages\/577\/revisions"}],"predecessor-version":[{"id":1496,"href":"https:\/\/pinusspa.com\/de\/wp-json\/wp\/v2\/pages\/577\/revisions\/1496"}],"wp:attachment":[{"href":"https:\/\/pinusspa.com\/de\/wp-json\/wp\/v2\/media?parent=577"}],"curies":[{"name":"wp","href":"https:\/\/api.w.org\/{rel}","templated":true}]}}