{"id":192,"date":"2025-02-23T13:39:37","date_gmt":"2025-02-23T13:39:37","guid":{"rendered":"https:\/\/pinusspa.com\/?post_type=product&#038;p=192"},"modified":"2026-03-29T12:26:57","modified_gmt":"2026-03-29T12:26:57","slug":"%d0%bf%d0%b0%d1%80%d0%be%d0%b3%d0%b5%d0%bd%d0%b5%d1%80%d0%b0%d1%82%d0%be%d1%80","status":"publish","type":"product","link":"https:\/\/pinusspa.com\/de\/product-2\/%d0%bf%d0%b0%d1%80%d0%be%d0%b3%d0%b5%d0%bd%d0%b5%d1%80%d0%b0%d1%82%d0%be%d1%80\/","title":{"rendered":"Dampferzeuger"},"content":{"rendered":"<p class=\"p1 translation-block\">Dampferzeuger PG-10L iPX-1<\/p>\n<p class=\"p3 translation-block\">H\u00e4lt automatisch die Temperatur. Zur Verwendung mit dem Phytobarrel und Kr\u00e4utermischungen.<\/p>\n<p class=\"p3\">DETAILS ZUM PRODUKT:<\/p>\n<p class=\"p3 translation-block\">Material: rostfreier Stahl<\/p>\n<p class=\"p3 translation-block\">Externer Temperatursensor (angebracht)<\/p>\n<p class=\"p3\">Flexibler Schlauch f\u00fcr die Dampfversorgung<\/p>\n<p class=\"p3\">Ablassventil<\/p>\n<p class=\"p3 translation-block\">Filter f\u00fcr Kr\u00e4uter (2 St\u00fcck)<\/p>\n<p class=\"p3 translation-block\">Abmessungen (LxBxH): 52\u044516\u044540 cm<\/p>\n<p class=\"translation-block\">Gewicht: 8 kg<\/p>\n<p class=\"p3 translation-block\">Wasservolumen: 8 Liter<\/p>\n<p class=\"p4 translation-block\">Leistung: 2,5 kW, 220 VAC<\/p>","protected":false},"excerpt":{"rendered":"<p>\u041f\u0430\u0440\u043e\u0433\u0435\u043d\u0435\u0440\u0430\u0442\u043e\u0440 \u0441 \u0432\u044a\u0437\u043c\u043e\u0436\u043d\u043e\u0441\u0442 \u0437\u0430 \u0431\u0438\u043b\u043a\u043e\u0432\u0438 \u043f\u0430\u0440\u043d\u0438 \u0442\u0435\u0440\u0430\u043f\u0438\u0438<\/p>","protected":false},"featured_media":1098,"template":"","meta":[],"product_brand":[],"product_cat":[69,27],"product_tag":[33,29,28,32,31,30],"class_list":{"0":"post-192","1":"product","2":"type-product","3":"status-publish","4":"has-post-thumbnail","6":"product_cat-barrel-acce","7":"product_cat-bachva-i-produkti","8":"product_tag-bilkovi-terapii","9":"product_tag-bachva","10":"product_tag-bachva-i-oborudvane","11":"product_tag-parogenerator","12":"product_tag-sibirski-kedar","13":"product_tag-fitobachva","15":"first","16":"instock","17":"shipping-taxable","18":"purchasable","19":"product-type-simple"},"aioseo_notices":[],"_links":{"self":[{"href":"https:\/\/pinusspa.com\/de\/wp-json\/wp\/v2\/product\/192","targetHints":{"allow":["GET"]}}],"collection":[{"href":"https:\/\/pinusspa.com\/de\/wp-json\/wp\/v2\/product"}],"about":[{"href":"https:\/\/pinusspa.com\/de\/wp-json\/wp\/v2\/types\/product"}],"wp:featuredmedia":[{"embeddable":true,"href":"https:\/\/pinusspa.com\/de\/wp-json\/wp\/v2\/media\/1098"}],"wp:attachment":[{"href":"https:\/\/pinusspa.com\/de\/wp-json\/wp\/v2\/media?parent=192"}],"wp:term":[{"taxonomy":"product_brand","embeddable":true,"href":"https:\/\/pinusspa.com\/de\/wp-json\/wp\/v2\/product_brand?post=192"},{"taxonomy":"product_cat","embeddable":true,"href":"https:\/\/pinusspa.com\/de\/wp-json\/wp\/v2\/product_cat?post=192"},{"taxonomy":"product_tag","embeddable":true,"href":"https:\/\/pinusspa.com\/de\/wp-json\/wp\/v2\/product_tag?post=192"}],"curies":[{"name":"wp","href":"https:\/\/api.w.org\/{rel}","templated":true}]}}