{"id":737,"date":"2025-03-06T20:32:08","date_gmt":"2025-03-06T20:32:08","guid":{"rendered":"https:\/\/pinusspa.com\/?post_type=product&#038;p=737"},"modified":"2026-04-15T16:21:30","modified_gmt":"2026-04-15T16:21:30","slug":"immunoup-%d0%b1%d0%b8%d0%bb%d0%ba%d0%be%d0%b2%d0%b0-%d1%81%d0%bc%d0%b5%d1%81","status":"publish","type":"product","link":"https:\/\/pinusspa.com\/de\/product-2\/immunoup-%d0%b1%d0%b8%d0%bb%d0%ba%d0%be%d0%b2%d0%b0-%d1%81%d0%bc%d0%b5%d1%81\/","title":{"rendered":"ImmunoUP Kr\u00e4utermischung"},"content":{"rendered":"<p class=\"p2 translation-block\">Kombination von Kr\u00e4utern mit immunstimulierender, antioxidativer und entgiftender Wirkung, heilend und wohltuend f\u00fcr den ganzen K\u00f6rper:<\/p>\n<p class=\"p2\"><span class=\"s1\">&#8211; <\/span>St\u00e4rkt das Immunsystem<span class=\"s1\">;<\/span><\/p>\n<p class=\"p2\"><span class=\"s1\">&#8211; <\/span>Verbessert die Blutzirkulation<span class=\"s1\">;<\/span><\/p>\n<p class=\"p2\"><span class=\"s1\">&#8211; <\/span>Erh\u00f6ht die Widerstandskraft des K\u00f6rpers gegen Viren und Grippe<span class=\"s1\">;<\/span><\/p>\n<p class=\"p2\"><span class=\"s1\">&#8211; <\/span>Hat eine entgiftende Wirkung<span class=\"s1\">.<\/span><\/p>\n<p class=\"p4\">Inhalt<span class=\"s1\">: <\/span><\/p>\n<p class=\"p5\"><i>Betula pendula Roth., Matricaria chamomilla L., Thymus sp.<\/i><\/p>\n<p>&nbsp;<\/p>\n<p>Das Gewicht eines Beutels Kr\u00e4uter betr\u00e4gt 20-25 g. Erh\u00e4ltlich in Packungen mit 3 oder 5 St\u00fcck.<\/p>","protected":false},"excerpt":{"rendered":"<p>\u041f\u043e\u0441\u0442\u0430\u0432\u043a\u0430 \u0441\u043b\u0443\u0436\u0435\u0449\u0430 \u0437\u0430 \u0443\u043b\u0435\u0441\u043d\u0435\u043d\u043e \u043f\u043e\u043b\u0437\u0432\u0430\u043d\u0435 \u043d\u0430 \u043f\u0430\u0440\u043e\u0433\u0435\u043d\u0435\u0440\u0430\u0442\u043e\u0440\u0430 \u043d\u0430 \u043e\u0442\u043a\u0440\u0438\u0442\u043e \u0438 \u0437\u0430\u043c\u0435\u0441\u0442\u0432\u0430\u0449\u0430 \u0441\u0442\u0430\u043d\u0434\u0430\u0440\u0442\u043d\u0438\u044f \u0441\u0442\u0435\u043d\u0435\u043d \u043c\u043e\u043d\u0442\u0430\u0436.<\/p>","protected":false},"featured_media":823,"template":"","meta":[],"product_brand":[],"product_cat":[53],"product_tag":[33,29,28,35,38,36,32,34,37,31,30],"class_list":{"0":"post-737","1":"product","2":"type-product","3":"status-publish","4":"has-post-thumbnail","6":"product_cat-bilkovi-smesi","7":"product_tag-bilkovi-terapii","8":"product_tag-bachva","9":"product_tag-bachva-i-oborudvane","10":"product_tag-vodonepromokaem","11":"product_tag-vanshen-montazh","12":"product_tag-instalatsiya-na-otkrito","13":"product_tag-parogenerator","14":"product_tag-pokrivala","15":"product_tag-postavka","16":"product_tag-sibirski-kedar","17":"product_tag-fitobachva","19":"first","20":"instock","21":"sale","22":"shipping-taxable","23":"purchasable","24":"product-type-variable"},"aioseo_notices":[],"_links":{"self":[{"href":"https:\/\/pinusspa.com\/de\/wp-json\/wp\/v2\/product\/737","targetHints":{"allow":["GET"]}}],"collection":[{"href":"https:\/\/pinusspa.com\/de\/wp-json\/wp\/v2\/product"}],"about":[{"href":"https:\/\/pinusspa.com\/de\/wp-json\/wp\/v2\/types\/product"}],"wp:featuredmedia":[{"embeddable":true,"href":"https:\/\/pinusspa.com\/de\/wp-json\/wp\/v2\/media\/823"}],"wp:attachment":[{"href":"https:\/\/pinusspa.com\/de\/wp-json\/wp\/v2\/media?parent=737"}],"wp:term":[{"taxonomy":"product_brand","embeddable":true,"href":"https:\/\/pinusspa.com\/de\/wp-json\/wp\/v2\/product_brand?post=737"},{"taxonomy":"product_cat","embeddable":true,"href":"https:\/\/pinusspa.com\/de\/wp-json\/wp\/v2\/product_cat?post=737"},{"taxonomy":"product_tag","embeddable":true,"href":"https:\/\/pinusspa.com\/de\/wp-json\/wp\/v2\/product_tag?post=737"}],"curies":[{"name":"wp","href":"https:\/\/api.w.org\/{rel}","templated":true}]}}