{"id":741,"date":"2025-03-06T20:39:36","date_gmt":"2025-03-06T20:39:36","guid":{"rendered":"https:\/\/pinusspa.com\/?post_type=product&#038;p=741"},"modified":"2026-03-29T12:42:00","modified_gmt":"2026-03-29T12:42:00","slug":"sportline-%d0%b1%d0%b8%d0%bb%d0%ba%d0%be%d0%b2%d0%b0-%d1%81%d0%bc%d0%b5%d1%81","status":"publish","type":"product","link":"https:\/\/pinusspa.com\/de\/product-2\/sportline-%d0%b1%d0%b8%d0%bb%d0%ba%d0%be%d0%b2%d0%b0-%d1%81%d0%bc%d0%b5%d1%81\/","title":{"rendered":"SportLINE Kr\u00e4utermischung"},"content":{"rendered":"<p class=\"p2\">Kr\u00e4uterkombination zur Wiederherstellung der Muskeln nach k\u00f6rperlicher Bet\u00e4tigung und zur Unterst\u00fctzung der Rehabilitation nach Verletzungen:<span class=\"s1\">:<\/span><\/p>\n<p class=\"p2\"><span class=\"s1\">&#8211; <\/span>Hilft bei der Erholung der Muskelfasern<span class=\"s1\">;<\/span><\/p>\n<p class=\"p2 translation-block\">- Unterst\u00fctzt die Heilung von Traumata, Verletzungen, Verstauchungen, H\u00e4matomen;<\/p>\n<p class=\"p2\"><span class=\"s1\">&#8211; <\/span>Reflexartige Erweiterung der Blutgef\u00e4\u00dfe<span class=\"s1\">;<\/span><\/p>\n<p class=\"p2 translation-block\">- Lindert Schmerzen in Muskeln, Knochen und Geweben.<\/p>\n<p class=\"p4\">Inhalt<span class=\"s1\">: <\/span><\/p>\n<p class=\"p5\"><i>Cinnamomum camphora, Tamus communis L., Mentha piperita, Robinia pseudoacacia L.<\/i><\/p>\n<p>&nbsp;<\/p>\n<p>Das Gewicht eines Beutels Kr\u00e4uter betr\u00e4gt 20-25 g. Erh\u00e4ltlich in Packungen mit 3 oder 5 St\u00fcck.<\/p>","protected":false},"excerpt":{"rendered":"<p>\u041f\u043e\u0441\u0442\u0430\u0432\u043a\u0430 \u0441\u043b\u0443\u0436\u0435\u0449\u0430 \u0437\u0430 \u0443\u043b\u0435\u0441\u043d\u0435\u043d\u043e \u043f\u043e\u043b\u0437\u0432\u0430\u043d\u0435 \u043d\u0430 \u043f\u0430\u0440\u043e\u0433\u0435\u043d\u0435\u0440\u0430\u0442\u043e\u0440\u0430 \u043d\u0430 \u043e\u0442\u043a\u0440\u0438\u0442\u043e \u0438 \u0437\u0430\u043c\u0435\u0441\u0442\u0432\u0430\u0449\u0430 \u0441\u0442\u0430\u043d\u0434\u0430\u0440\u0442\u043d\u0438\u044f \u0441\u0442\u0435\u043d\u0435\u043d \u043c\u043e\u043d\u0442\u0430\u0436.<\/p>","protected":false},"featured_media":829,"template":"","meta":[],"product_brand":[],"product_cat":[53],"product_tag":[33,29,28,35,38,36,32,34,37,31,30],"class_list":{"0":"post-741","1":"product","2":"type-product","3":"status-publish","4":"has-post-thumbnail","6":"product_cat-bilkovi-smesi","7":"product_tag-bilkovi-terapii","8":"product_tag-bachva","9":"product_tag-bachva-i-oborudvane","10":"product_tag-vodonepromokaem","11":"product_tag-vanshen-montazh","12":"product_tag-instalatsiya-na-otkrito","13":"product_tag-parogenerator","14":"product_tag-pokrivala","15":"product_tag-postavka","16":"product_tag-sibirski-kedar","17":"product_tag-fitobachva","19":"first","20":"instock","21":"shipping-taxable","22":"purchasable","23":"product-type-simple"},"aioseo_notices":[],"_links":{"self":[{"href":"https:\/\/pinusspa.com\/de\/wp-json\/wp\/v2\/product\/741","targetHints":{"allow":["GET"]}}],"collection":[{"href":"https:\/\/pinusspa.com\/de\/wp-json\/wp\/v2\/product"}],"about":[{"href":"https:\/\/pinusspa.com\/de\/wp-json\/wp\/v2\/types\/product"}],"wp:featuredmedia":[{"embeddable":true,"href":"https:\/\/pinusspa.com\/de\/wp-json\/wp\/v2\/media\/829"}],"wp:attachment":[{"href":"https:\/\/pinusspa.com\/de\/wp-json\/wp\/v2\/media?parent=741"}],"wp:term":[{"taxonomy":"product_brand","embeddable":true,"href":"https:\/\/pinusspa.com\/de\/wp-json\/wp\/v2\/product_brand?post=741"},{"taxonomy":"product_cat","embeddable":true,"href":"https:\/\/pinusspa.com\/de\/wp-json\/wp\/v2\/product_cat?post=741"},{"taxonomy":"product_tag","embeddable":true,"href":"https:\/\/pinusspa.com\/de\/wp-json\/wp\/v2\/product_tag?post=741"}],"curies":[{"name":"wp","href":"https:\/\/api.w.org\/{rel}","templated":true}]}}